{"id":50,"date":"2023-02-20T14:58:00","date_gmt":"2023-02-20T13:58:00","guid":{"rendered":"https:\/\/colda.uol.de\/?page_id=50"},"modified":"2023-05-22T09:59:15","modified_gmt":"2023-05-22T07:59:15","slug":"partner","status":"publish","type":"page","link":"https:\/\/colda.uol.de\/en\/partner\/","title":{"rendered":"Partners"},"content":{"rendered":"<p>Das Projekt CoLDa ist eine Kooperation zwischen der <strong>Abteilung&nbsp;<a href=\"https:\/\/uol.de\/vlba\">Wirtschaftsinformatik\/VLBA<\/a>&nbsp;<\/strong>der Universit\u00e4t Oldenburg und dem <strong>DLR (Deutsches Zentrum f\u00fcr Luft- und Raumfahrt)<\/strong>.<\/p>\n\n\n\n<p><\/p>\n\n\n\n<h2 class=\"has-text-align-center\">Abteilung Very Large Business Application (VLBA)<\/h2><\/p>\n\n\n\n<figure class=\"wp-block-image aligncenter is-resized\"><a href=\"https:\/\/uol.de\/\"><img decoding=\"async\" width=\"400\" src=\"https:\/\/www.projekt-difa.de\/wp-content\/uploads\/vlba_logo-1024x215.png\" alt=\"\" class=\"wp-image-26\"\/><\/a><\/figure>\n\n\n\n<p><strong>Role<\/strong><\/p>\n\n\n\n<p>Die&nbsp;Abteilung Wirtschaftsinformatik\/VLBA&nbsp;bringt Fachwissen aus den Schwerpunkten Big Data, Business Intelligence (BI) und Data Analytics ein. Es arbeiten wissenschaftliche MitarbeiterInnen, DoktorandInnen und studentische Hilfskr\u00e4fte im Projekt zusammen. Ebenso werden Abschlussarbeiten ins Projekt integriert.<\/p>\n\n\n\n<p><strong>Profile<\/strong><\/p>\n\n\n\n<p class=\" translation-block\">In Forschung und Lehre richtet die&nbsp;<a href=\"https:\/\/www.uni-oldenburg.de\/vlba\/\" target=\"_self\">VLBA<\/a>&nbsp;den Fokus auf gro\u00dfe unternehmensweite betriebliche und zwischenbetriebliche Informationssysteme. Als weitere Schwerpunkte besch\u00e4ftigt sich die Abteilung mit betrieblichen Umweltinformationssystemen (BUIS), mit Business Intelligence (BI) und Big Data. Zu Fragestellungen und Anwendungen rundum Data Science, Internet of Things sowie Industrie 4.0 arbeitet die Abteilung in verschiedenen Forschungsprojekten im Energie- und Smart City Kontext (z.B. NetzDatenStrom und enera) eng mit dem Institut f\u00fcr Informatik&nbsp;<a href=\"http:\/\/www.offis.de\/\" target=\"_self\">OFFIS e.V.<\/a>&nbsp;zusammen.<\/p>\n\n\n\n<p>Further information:&nbsp;<a href=\"https:\/\/www.uni-oldenburg.de\/vlba\/\">https:\/\/www.uni-oldenburg.de\/vlba\/<\/a><\/p>\n\n\n\n<p><\/p>\n\n\n\n<h2 class=\"has-text-align-center\">Deutsche Zentrum f\u00fcr Luft- und Raumfahrt (<em>DLR<\/em>)<\/h2>\n\n\n\n<figure class=\"wp-block-image aligncenter is-resized\"><img decoding=\"async\" width=\"400\" src=\"https:\/\/colda.uol.de\/wp-content\/uploads\/2023\/04\/DLR_KI_Logo_DE_schwarz-1024x475.png\" alt=\"\" class=\"wp-image-26\"\/><\/figure>\n\n\n\n<p><strong>Role<\/strong><\/p>\n\n\n\n<p>Das Institut f\u00fcr KI-Sicherheit des DLR, vertreten durch die Abteilung Sicherheitskritische Dateninfrastrukturen, bringt Fachwissen aus den Schwerpunkten Federated Learning und Data Quality ein und fungiert in dem Projekt als Anforderungsgeber.<\/p>\n\n\n\n<p><strong>Profile<\/strong><\/p>\n\n\n\n<p>Vor dem Hintergrund der <a href=\"https:\/\/www.dlr.de\/DE\/Home\/home_node.html\">DLR<\/a>-Forschungsbereiche Luftfahrt, Raumfahrt, Energie, Verkehr, Sicherheit und der bereichs\u00fcbergreifenden Digitalisierung leistet das <a href=\"https:\/\/www.dlr.de\/ki\">Institut f\u00fcr KI-Sicherheit<\/a> interdisziplin\u00e4re Forschung und Entwicklung. Der Fokus liegt dabei auf sicherheitskritischen Systemen mit Fragestellungen zur Betriebs- und Angriffssicherheit. Das Institut besch\u00e4ftigt sich gleicherma\u00dfen mit querschnittsrelevanter Grundlagenforschung zur k\u00fcnstlichen Intelligenz als auch mit anwendungs\u00adorientierten und praxisnahen Entwicklungen.<\/p>\n\n\n\n<p>Further information: <a href=\"https:\/\/www.dlr.de\/ki\">https:\/\/www.dlr.de\/ki<\/a><\/p>","protected":false},"excerpt":{"rendered":"<p>Das Projekt CoLDa ist eine Kooperation zwischen der Abteilung&nbsp;Wirtschaftsinformatik\/VLBA&nbsp;der Universit\u00e4t Oldenburg und dem DLR (Deutsches Zentrum f\u00fcr Luft- und Raumfahrt). Abteilung Very Large Business Application (VLBA) Rolle Die&nbsp;Abteilung Wirtschaftsinformatik\/VLBA&nbsp;bringt Fachwissen aus den Schwerpunkten Big Data, Business Intelligence (BI) und Data Analytics ein. Es arbeiten wissenschaftliche MitarbeiterInnen, DoktorandInnen und studentische Hilfskr\u00e4fte im Projekt zusammen. Ebenso werden &hellip; <\/p>\n<p class=\"link-more\"><a href=\"https:\/\/colda.uol.de\/en\/partner\/\" class=\"more-link\">Continue reading<span class=\"screen-reader-text\"> &#8222;Partner&#8220;<\/span><\/a><\/p>","protected":false},"author":1,"featured_media":0,"parent":0,"menu_order":0,"comment_status":"closed","ping_status":"closed","template":"","meta":{"footnotes":""},"class_list":["post-50","page","type-page","status-publish","hentry"],"_links":{"self":[{"href":"https:\/\/colda.uol.de\/en\/wp-json\/wp\/v2\/pages\/50","targetHints":{"allow":["GET"]}}],"collection":[{"href":"https:\/\/colda.uol.de\/en\/wp-json\/wp\/v2\/pages"}],"about":[{"href":"https:\/\/colda.uol.de\/en\/wp-json\/wp\/v2\/types\/page"}],"author":[{"embeddable":true,"href":"https:\/\/colda.uol.de\/en\/wp-json\/wp\/v2\/users\/1"}],"replies":[{"embeddable":true,"href":"https:\/\/colda.uol.de\/en\/wp-json\/wp\/v2\/comments?post=50"}],"version-history":[{"count":10,"href":"https:\/\/colda.uol.de\/en\/wp-json\/wp\/v2\/pages\/50\/revisions"}],"predecessor-version":[{"id":137,"href":"https:\/\/colda.uol.de\/en\/wp-json\/wp\/v2\/pages\/50\/revisions\/137"}],"wp:attachment":[{"href":"https:\/\/colda.uol.de\/en\/wp-json\/wp\/v2\/media?parent=50"}],"curies":[{"name":"wp","href":"https:\/\/api.w.org\/{rel}","templated":true}]}}