{"id":47,"date":"2023-02-20T14:55:46","date_gmt":"2023-02-20T13:55:46","guid":{"rendered":"https:\/\/colda.uol.de\/?page_id=47"},"modified":"2023-02-20T14:55:46","modified_gmt":"2023-02-20T13:55:46","slug":"impressum","status":"publish","type":"page","link":"https:\/\/colda.uol.de\/en\/impressum\/","title":{"rendered":"Imprint"},"content":{"rendered":"<p>Carl von Ossietzky Universit\u00e4t Oldenburg<br>Ammerl\u00e4nder Heerstr. 114-118<br>26129 Oldenburg<br>Phone number: +49 441 798-0<br>Fax: +49 441 798-3000<br>E-Mail:&nbsp;internet(at)uni-oldenburg.de<br>Umsatzsteuer-Identifikationsnummer:&nbsp;DE 811184499<\/p>\n\n\n\n<p>Die Universit\u00e4t Oldenburg ist eine K\u00f6rperschaft des \u00d6ffentlichen Rechts. Sie wird durch den Pr\u00e4sidenten gesetzlich vertreten.<br>Zust\u00e4ndige Aufsichtsbeh\u00f6rde: Nieders\u00e4chsisches Ministerium f\u00fcr Wissenschaft und Kultur (MWK), Leibnizufer 9 (Postfach 261), 30002 Hannover<\/p>\n\n\n\n<p><strong>Inhaltlich verantwortlich:<\/strong><\/p>\n\n\n\n<p>Prof. Dr.-Ing. Jorge Marx G\u00f3mez<br>Carl von Ossietzky Universit\u00e4t Oldenburg<br>Fakult\u00e4t II \u2013 Department f\u00fcr Informatik<br>Abt. Wirtschaftsinformatik \/ VLBA<br>Ammerl\u00e4nder Heerstr. 114-118<br>26129 Oldenburg \/ Germany<br>E-Mail: jorge.marx.gomez[at]uni-oldenburg.de<\/p>\n\n\n\n<p>Plattform der Europ\u00e4ischen Kommission zur Online-Streitbeilegung (OS) f\u00fcr Verbrau-cher:&nbsp;<a rel=\"noreferrer noopener\" target=\"_blank\">https:\/\/ec.europa.eu\/consumers\/odr\/<\/a>. Wir sind nicht bereit und nicht verpflichtet an einem Streitbeilegungsverfahren vor einer Verbraucherschlichtungsstelle teilzunehmen.<\/p>\n\n\n\n<p>Nutzung von Medien:<\/p>\n\n\n\n<p>1 . Hintergrundbild Startseite: Lizenfreies Bild von\u00a0<a href=\"https:\/\/pixabay.com\/de\/?utm_source=link-attribution&amp;utm_medium=referral&amp;utm_campaign=image&amp;utm_content=1634110\">Pixabay<\/a>\u00a0<\/p>","protected":false},"excerpt":{"rendered":"<p>Carl von Ossietzky Universit\u00e4t OldenburgAmmerl\u00e4nder Heerstr. 114-11826129 OldenburgTelefonnummer:+49 441 798-0Telefax: +49 441 798-3000E-Mail:&nbsp;internet(at)uni-oldenburg.deUmsatzsteuer-Identifikationsnummer:&nbsp;DE 811184499 Die Universit\u00e4t Oldenburg ist eine K\u00f6rperschaft des \u00d6ffentlichen Rechts. Sie wird durch den Pr\u00e4sidenten gesetzlich vertreten.Zust\u00e4ndige Aufsichtsbeh\u00f6rde: Nieders\u00e4chsisches Ministerium f\u00fcr Wissenschaft und Kultur (MWK), Leibnizufer 9 (Postfach 261), 30002 Hannover Inhaltlich verantwortlich: Prof. Dr.-Ing. Jorge Marx G\u00f3mezCarl von Ossietzky Universit\u00e4t OldenburgFakult\u00e4t &hellip; <\/p>\n<p class=\"link-more\"><a href=\"https:\/\/colda.uol.de\/en\/impressum\/\" class=\"more-link\">Continue reading<span class=\"screen-reader-text\"> &#8222;Impressum&#8220;<\/span><\/a><\/p>","protected":false},"author":1,"featured_media":0,"parent":0,"menu_order":0,"comment_status":"closed","ping_status":"closed","template":"","meta":{"footnotes":""},"class_list":["post-47","page","type-page","status-publish","hentry"],"_links":{"self":[{"href":"https:\/\/colda.uol.de\/en\/wp-json\/wp\/v2\/pages\/47","targetHints":{"allow":["GET"]}}],"collection":[{"href":"https:\/\/colda.uol.de\/en\/wp-json\/wp\/v2\/pages"}],"about":[{"href":"https:\/\/colda.uol.de\/en\/wp-json\/wp\/v2\/types\/page"}],"author":[{"embeddable":true,"href":"https:\/\/colda.uol.de\/en\/wp-json\/wp\/v2\/users\/1"}],"replies":[{"embeddable":true,"href":"https:\/\/colda.uol.de\/en\/wp-json\/wp\/v2\/comments?post=47"}],"version-history":[{"count":1,"href":"https:\/\/colda.uol.de\/en\/wp-json\/wp\/v2\/pages\/47\/revisions"}],"predecessor-version":[{"id":49,"href":"https:\/\/colda.uol.de\/en\/wp-json\/wp\/v2\/pages\/47\/revisions\/49"}],"wp:attachment":[{"href":"https:\/\/colda.uol.de\/en\/wp-json\/wp\/v2\/media?parent=47"}],"curies":[{"name":"wp","href":"https:\/\/api.w.org\/{rel}","templated":true}]}}