{"id":16,"date":"2023-02-20T11:56:10","date_gmt":"2023-02-20T10:56:10","guid":{"rendered":"https:\/\/colda.uol.de\/?page_id=16"},"modified":"2023-08-09T15:46:51","modified_gmt":"2023-08-09T13:46:51","slug":"kontakt","status":"publish","type":"page","link":"https:\/\/colda.uol.de\/en\/kontakt\/","title":{"rendered":"Contact"},"content":{"rendered":"<div class=\"wp-block-columns is-layout-flex wp-container-core-columns-is-layout-9d6595d7 wp-block-columns-is-layout-flex\">\n<div class=\"wp-block-column is-layout-flow wp-block-column-is-layout-flow\">\n<figure class=\"wp-block-image size-medium is-resized\"><img loading=\"lazy\" decoding=\"async\" src=\"https:\/\/colda.uol.de\/wp-content\/uploads\/2023\/02\/JMG-239x300.png\" alt=\"\" class=\"wp-image-56\" style=\"width:240px;height:301px\" width=\"240\" height=\"301\" srcset=\"https:\/\/colda.uol.de\/wp-content\/uploads\/2023\/02\/JMG-239x300.png 239w, https:\/\/colda.uol.de\/wp-content\/uploads\/2023\/02\/JMG.png 518w\" sizes=\"auto, (max-width: 240px) 100vw, 240px\" \/><\/figure>\n<\/div>\n\n\n\n<div class=\"wp-block-column is-layout-flow wp-block-column-is-layout-flow\">\n<p><\/p>\n\n\n\n<p><\/p>\n\n\n\n<p class=\"has-text-align-left\"><strong>Prof. Dr.-Ing. Jorge Marx G\u00f3mez<\/strong><br>Chair of Business Informatics\/VLBA<br><em>&nbsp;jorge.marx.gomez@uni-oldenburg.de<\/em><br><em>&nbsp;+49 (0) 441 \/ 798 \u2013 44 70<\/em><\/p>\n<\/div>\n<\/div>\n\n\n\n<div class=\"wp-block-columns is-layout-flex wp-container-core-columns-is-layout-9d6595d7 wp-block-columns-is-layout-flex\">\n<div class=\"wp-block-column is-layout-flow wp-block-column-is-layout-flow\">\n<figure class=\"wp-block-image size-medium is-resized\"><img loading=\"lazy\" decoding=\"async\" src=\"https:\/\/colda.uol.de\/wp-content\/uploads\/2023\/02\/gs-266x300.jpg\" alt=\"\" class=\"wp-image-58\" style=\"width:240px;height:271px\" width=\"240\" height=\"271\" srcset=\"https:\/\/colda.uol.de\/wp-content\/uploads\/2023\/02\/gs-266x300.jpg 266w, https:\/\/colda.uol.de\/wp-content\/uploads\/2023\/02\/gs-909x1024.jpg 909w, https:\/\/colda.uol.de\/wp-content\/uploads\/2023\/02\/gs-768x865.jpg 768w, https:\/\/colda.uol.de\/wp-content\/uploads\/2023\/02\/gs-1364x1536.jpg 1364w, https:\/\/colda.uol.de\/wp-content\/uploads\/2023\/02\/gs-1818x2048.jpg 1818w\" sizes=\"auto, (max-width: 240px) 100vw, 240px\" \/><\/figure>\n<\/div>\n\n\n\n<div class=\"wp-block-column is-layout-flow wp-block-column-is-layout-flow\">\n<p><\/p>\n\n\n\n<p><\/p>\n\n\n\n<p><strong>Gerrit Schumann, M.Sc.<\/strong><br>Research Associate<br><em>gerrit.schumann@uni-oldenburg.de<\/em><br><em>&nbsp;+49 (0) 441&nbsp;\/ 798 \u2013 44 72<\/em><\/p>\n<\/div>\n<\/div>\n\n\n\n<div class=\"wp-block-columns is-layout-flex wp-container-core-columns-is-layout-9d6595d7 wp-block-columns-is-layout-flex\">\n<div class=\"wp-block-column is-layout-flow wp-block-column-is-layout-flow\">\n<figure class=\"wp-block-image size-medium is-resized\"><img loading=\"lazy\" decoding=\"async\" src=\"https:\/\/colda.uol.de\/wp-content\/uploads\/2023\/02\/jp-261x300.jpg\" alt=\"\" class=\"wp-image-59\" style=\"width:240px;height:276px\" width=\"240\" height=\"276\" srcset=\"https:\/\/colda.uol.de\/wp-content\/uploads\/2023\/02\/jp-261x300.jpg 261w, https:\/\/colda.uol.de\/wp-content\/uploads\/2023\/02\/jp-768x882.jpg 768w, https:\/\/colda.uol.de\/wp-content\/uploads\/2023\/02\/jp.jpg 889w\" sizes=\"auto, (max-width: 240px) 100vw, 240px\" \/><\/figure>\n<\/div>\n\n\n\n<div class=\"wp-block-column is-layout-flow wp-block-column-is-layout-flow\">\n<p><\/p>\n\n\n\n<p><\/p>\n\n\n\n<p><strong><strong>Jan-Philipp Awick<\/strong><\/strong>, <strong><strong>M.Sc.<\/strong><\/strong><br>Research Associate<br><em>jan-philipp.awick@uol.de<\/em><br><em>&nbsp;+49 (0) 441&nbsp;\/ 798 \u2013 41 83<\/em><\/p>\n<\/div>\n<\/div>\n\n\n\n<div class=\"wp-block-columns is-layout-flex wp-container-core-columns-is-layout-9d6595d7 wp-block-columns-is-layout-flex\">\n<div class=\"wp-block-column is-layout-flow wp-block-column-is-layout-flow\">\n<figure class=\"wp-block-image size-full is-resized\"><img loading=\"lazy\" decoding=\"async\" src=\"http:\/\/colda.uol.de\/wp-content\/uploads\/2023\/05\/Frank-Koester-TN-GROSS-V1-02.jpg\" alt=\"\" class=\"wp-image-132\" style=\"width:242px;height:242px\" width=\"242\" height=\"242\" srcset=\"https:\/\/colda.uol.de\/wp-content\/uploads\/2023\/05\/Frank-Koester-TN-GROSS-V1-02.jpg 829w, https:\/\/colda.uol.de\/wp-content\/uploads\/2023\/05\/Frank-Koester-TN-GROSS-V1-02-300x300.jpg 300w, https:\/\/colda.uol.de\/wp-content\/uploads\/2023\/05\/Frank-Koester-TN-GROSS-V1-02-150x150.jpg 150w, https:\/\/colda.uol.de\/wp-content\/uploads\/2023\/05\/Frank-Koester-TN-GROSS-V1-02-768x768.jpg 768w, https:\/\/colda.uol.de\/wp-content\/uploads\/2023\/05\/Frank-Koester-TN-GROSS-V1-02-12x12.jpg 12w, https:\/\/colda.uol.de\/wp-content\/uploads\/2023\/05\/Frank-Koester-TN-GROSS-V1-02-100x100.jpg 100w\" sizes=\"auto, (max-width: 242px) 100vw, 242px\" \/><\/figure>\n<\/div>\n\n\n\n<div class=\"wp-block-column is-layout-flow wp-block-column-is-layout-flow\">\n<p><\/p>\n\n\n\n<p><\/p>\n\n\n\n<p><strong>Prof. Dr. Frank K\u00f6ster<\/strong><br>Gr\u00fcndungsdirektor des Instituts f\u00fcr KI-Sicherheit des DLR<\/p>\n\n\n\n<p><a href=\"https:\/\/www.dlr.de\/ki\/desktopdefault.aspx\/tabid-17287\/mailcontact-44422\/\">To the contact form<\/a><\/p>\n<\/div>\n<\/div>\n\n\n\n<div class=\"wp-block-columns is-layout-flex wp-container-core-columns-is-layout-9d6595d7 wp-block-columns-is-layout-flex\">\n<div class=\"wp-block-column is-layout-flow wp-block-column-is-layout-flow\">\n<figure class=\"wp-block-image size-full is-resized\"><img loading=\"lazy\" decoding=\"async\" src=\"http:\/\/colda.uol.de\/wp-content\/uploads\/2023\/05\/Foto_Skype_Outlook.jpg\" alt=\"\" class=\"wp-image-131\" style=\"width:243px;height:276px\" width=\"243\" height=\"276\" srcset=\"https:\/\/colda.uol.de\/wp-content\/uploads\/2023\/05\/Foto_Skype_Outlook-263x300.jpg 263w, https:\/\/colda.uol.de\/wp-content\/uploads\/2023\/05\/Foto_Skype_Outlook-11x12.jpg 11w\" sizes=\"auto, (max-width: 243px) 100vw, 243px\" \/><\/figure>\n<\/div>\n\n\n\n<div class=\"wp-block-column is-layout-flow wp-block-column-is-layout-flow\">\n<p><\/p>\n\n\n\n<p><\/p>\n\n\n\n<p><strong>Dr. Michael Karl<\/strong><br>Head of the department Safety-Critical Data Infrastructure<\/p>\n\n\n\n<p><a href=\"https:\/\/www.dlr.de\/ki\/desktopdefault.aspx\/tabid-17287\/mailcontact-44755\/\">To the contact form<\/a><\/p>\n<\/div>\n<\/div>\n\n\n\n<div class=\"wp-block-columns is-layout-flex wp-container-core-columns-is-layout-9d6595d7 wp-block-columns-is-layout-flex\">\n<div class=\"wp-block-column is-layout-flow wp-block-column-is-layout-flow\">\n<figure class=\"wp-block-image size-large is-resized\"><img loading=\"lazy\" decoding=\"async\" src=\"https:\/\/colda.uol.de\/wp-content\/uploads\/2023\/08\/Lars-Steffens-747x1024.jpg\" alt=\"\" class=\"wp-image-151\" style=\"width:244px;height:334px\" width=\"244\" height=\"334\" srcset=\"https:\/\/colda.uol.de\/wp-content\/uploads\/2023\/08\/Lars-Steffens-747x1024.jpg 747w, https:\/\/colda.uol.de\/wp-content\/uploads\/2023\/08\/Lars-Steffens-219x300.jpg 219w, https:\/\/colda.uol.de\/wp-content\/uploads\/2023\/08\/Lars-Steffens-768x1053.jpg 768w, https:\/\/colda.uol.de\/wp-content\/uploads\/2023\/08\/Lars-Steffens-9x12.jpg 9w, https:\/\/colda.uol.de\/wp-content\/uploads\/2023\/08\/Lars-Steffens.jpg 1045w\" sizes=\"auto, (max-width: 244px) 100vw, 244px\" \/><\/figure>\n<\/div>\n\n\n\n<div class=\"wp-block-column is-layout-flow wp-block-column-is-layout-flow\">\n<p><\/p>\n\n\n\n<p><\/p>\n\n\n\n<p><strong>Lars Steffens<\/strong><br>Research Associate<\/p>\n\n\n\n<p><a href=\"https:\/\/www.dlr.de\/ki\/de\/desktopdefault.aspx\/tabid-17274\/\">To the contact form<\/a><\/p>\n<\/div>\n<\/div>","protected":false},"excerpt":{"rendered":"<p>Prof. Dr.-Ing. Jorge Marx G\u00f3mezProfessur Wirtschaftsinformatik VLBA&nbsp;jorge.marx.gomez@uni-oldenburg.de&nbsp;+49 (0) 441 \/ 798 \u2013 44 70 Gerrit Schumann, M.Sc.Wissenschaftlicher Mitarbeitergerrit.schumann@uni-oldenburg.de&nbsp;+49 (0) 441&nbsp;\/ 798 \u2013 44 72 Jan-Philipp Awick, M.Sc.Wissenschaftlicher Mitarbeiterjan-philipp.awick@uol.de&nbsp;+49 (0) 441&nbsp;\/ 798 \u2013 41 83 Prof. Dr. Frank K\u00f6sterGr\u00fcndungsdirektor des Instituts f\u00fcr KI-Sicherheit des DLR Zum Kontaktformular Dr. Michael KarlLeiter der Abteilung Sicherheitskritische Dateninfrastrukturen Zum Kontaktformular &hellip; <\/p>\n<p class=\"link-more\"><a href=\"https:\/\/colda.uol.de\/en\/kontakt\/\" class=\"more-link\">Continue reading<span class=\"screen-reader-text\"> &#8222;Kontakt&#8220;<\/span><\/a><\/p>","protected":false},"author":1,"featured_media":0,"parent":0,"menu_order":0,"comment_status":"closed","ping_status":"closed","template":"","meta":{"footnotes":""},"class_list":["post-16","page","type-page","status-publish","hentry"],"_links":{"self":[{"href":"https:\/\/colda.uol.de\/en\/wp-json\/wp\/v2\/pages\/16","targetHints":{"allow":["GET"]}}],"collection":[{"href":"https:\/\/colda.uol.de\/en\/wp-json\/wp\/v2\/pages"}],"about":[{"href":"https:\/\/colda.uol.de\/en\/wp-json\/wp\/v2\/types\/page"}],"author":[{"embeddable":true,"href":"https:\/\/colda.uol.de\/en\/wp-json\/wp\/v2\/users\/1"}],"replies":[{"embeddable":true,"href":"https:\/\/colda.uol.de\/en\/wp-json\/wp\/v2\/comments?post=16"}],"version-history":[{"count":6,"href":"https:\/\/colda.uol.de\/en\/wp-json\/wp\/v2\/pages\/16\/revisions"}],"predecessor-version":[{"id":153,"href":"https:\/\/colda.uol.de\/en\/wp-json\/wp\/v2\/pages\/16\/revisions\/153"}],"wp:attachment":[{"href":"https:\/\/colda.uol.de\/en\/wp-json\/wp\/v2\/media?parent=16"}],"curies":[{"name":"wp","href":"https:\/\/api.w.org\/{rel}","templated":true}]}}